{"id":1256,"date":"2025-09-17T16:06:24","date_gmt":"2025-09-17T16:06:24","guid":{"rendered":"https:\/\/voidtattooink.com\/?page_id=1256"},"modified":"2025-09-21T15:20:18","modified_gmt":"2025-09-21T15:20:18","slug":"agb","status":"publish","type":"page","link":"https:\/\/voidtattooink.com\/en\/agb\/","title":{"rendered":"GTC"},"content":{"rendered":"<div data-elementor-type=\"wp-page\" data-elementor-id=\"1256\" class=\"elementor elementor-1256\" data-elementor-post-type=\"page\">\n\t\t\t\t<div class=\"elementor-element elementor-element-4399bbd e-flex e-con-boxed e-con e-parent\" data-id=\"4399bbd\" data-element_type=\"container\" data-e-type=\"container\">\n\t\t\t\t\t<div class=\"e-con-inner\">\n\t\t\t\t<div class=\"elementor-element elementor-element-227b6de elementor-widget elementor-widget-spacer\" data-id=\"227b6de\" data-element_type=\"widget\" data-e-type=\"widget\" data-widget_type=\"spacer.default\">\n\t\t\t\t\t\t\t<div class=\"elementor-spacer\">\n\t\t\t<div class=\"elementor-spacer-inner\"><\/div>\n\t\t<\/div>\n\t\t\t\t\t\t<\/div>\n\t\t<div class=\"elementor-element elementor-element-812274f e-con-full e-flex e-con e-child\" data-id=\"812274f\" data-element_type=\"container\" data-e-type=\"container\">\n\t\t\t\t<div class=\"elementor-element elementor-element-3b06e2c elementor-widget__width-initial elementor-widget elementor-widget-heading\" data-id=\"3b06e2c\" data-element_type=\"widget\" data-e-type=\"widget\" data-widget_type=\"heading.default\">\n\t\t\t\t\t<h2 class=\"elementor-heading-title elementor-size-default\">Allgemeine Gesch\u00e4ftsbedingungen mit Kundeninformationen\n<\/h2>\t\t\t\t<\/div>\n\t\t\t\t<div class=\"elementor-element elementor-element-207ac83 elementor-widget elementor-widget-text-editor\" data-id=\"207ac83\" data-element_type=\"widget\" data-e-type=\"widget\" data-widget_type=\"text-editor.default\">\n\t\t\t\t\t\t\t\t\t<p class=\"p1\">1. Geltungsbereich<\/p><p class=\"p1\">2. Vertragsschluss<\/p><p class=\"p1\">3. Widerrufsrecht<\/p><p class=\"p1\">4. Preise und Zahlungsbedingungen<\/p><p class=\"p1\">5. Liefer- und Versandbedingungen<\/p><p class=\"p1\">6. Eigentumsvorbehalt<\/p><p class=\"p1\">7. M\u00e4ngelhaftung<\/p><p class=\"p1\">8. Einl\u00f6sung von Aktionsgutscheinen<\/p><p class=\"p1\">9. Anwendbares Recht<\/p><p class=\"p1\">10. Informationen zur Online-Streitbeilegung<\/p><p class=\"p1\"><b>1. Geltungsbereich<\/b><\/p><p class=\"p1\">1.1 Diese Allgemeinen Gesch\u00e4ftsbedingungen (nachfolgend &#8222;AGB&#8220;) von &#8222;Lucas Teufel&#8220; (nachfolgend<\/p><p class=\"p1\">&#8222;Verk\u00e4ufer&#8220;), gelten f\u00fcr alle Vertr\u00e4ge, die ein Verbraucher oder Unternehmer (nachfolgend &#8222;Kunde&#8220;) mit dem<\/p><p class=\"p1\">Verk\u00e4ufer hinsichtlich der vom Verk\u00e4ufer in seinem Online-Shop dargestellten Waren abschlie\u00dft. Hiermit wird der<\/p><p class=\"p1\">Einbeziehung von eigenen Bedingungen des Kunden widersprochen, es sei denn, es ist etwas anderes vereinbart.<\/p><p class=\"p1\">1.2 Verbraucher im Sinne dieser AGB ist jede nat\u00fcrliche Person, die ein Rechtsgesch\u00e4ft zu Zwecken abschlie\u00dft,<\/p><p class=\"p1\">die \u00fcberwiegend weder ihrer gewerblichen noch ihrer selbstst\u00e4ndigen beruflichen T\u00e4tigkeit zugerechnet werden<\/p><p class=\"p1\">k\u00f6nnen.<\/p><p class=\"p1\">1.3 Unternehmer im Sinne dieser AGB ist eine nat\u00fcrliche oder juristische Person oder eine rechtsf\u00e4hige<\/p><p class=\"p1\">Personengesellschaft, die bei Abschluss eines Rechtsgesch\u00e4fts in Aus\u00fcbung ihrer gewerblichen oder<\/p><p class=\"p1\">selbst\u00e4ndigen beruflichen T\u00e4tigkeit handelt.<\/p><p class=\"p1\"><b>2. Vertragsschluss<\/b><\/p><p class=\"p1\">2.1 Die im Online-Shop des Verk\u00e4ufers enthaltenen Produktdarstellungen stellen keine verbindlichen Angebote<\/p><p class=\"p1\">seitens des Verk\u00e4ufers dar, sondern dienen zur Abgabe eines verbindlichen Angebots durch den Kunden.<\/p><p class=\"p1\">2.2 Der Kunde kann das Angebot \u00fcber das in den Online-Shop des Verk\u00e4ufers integrierte Online-Bestellformular<\/p><p class=\"p1\">abgeben. Dabei gibt der Kunde, nachdem er die ausgew\u00e4hlten Waren in den virtuellen Warenkorb gelegt und<\/p><p class=\"p1\">den elektronischen Bestellprozess durchlaufen hat, durch Klicken des den Bestellvorgang abschlie\u00dfenden<\/p><p class=\"p1\">Buttons ein rechtlich verbindliches Vertragsangebot in Bezug auf die im Warenkorb enthaltenen Waren ab.<\/p><p class=\"p1\">2.3 Der Verk\u00e4ufer kann das Angebot des Kunden innerhalb von f\u00fcnf Tagen annehmen,<\/p><p class=\"p1\">&#8211; indem er dem Kunden eine schriftliche Auftragsbest\u00e4tigung oder eine Auftragsbest\u00e4tigung in Textform (Fax oder<\/p><p class=\"p1\">E-Mail) \u00fcbermittelt, wobei insoweit der Zugang der Auftragsbest\u00e4tigung beim Kunden ma\u00dfgeblich ist, oder<\/p><p class=\"p1\">&#8211; indem er dem Kunden die bestellte Ware liefert, wobei insoweit der Zugang der Ware beim Kunden ma\u00dfgeblich<\/p><p class=\"p1\">ist, oder<\/p><p class=\"p1\">&#8211; indem er den Kunden nach Abgabe von dessen Bestellung zur Zahlung auffordert.<\/p><p class=\"p1\">Liegen mehrere der vorgenannten Alternativen vor, kommt der Vertrag in dem Zeitpunkt zustande, in dem eine<\/p><p class=\"p1\">der vorgenannten Alternativen zuerst eintritt. Die Frist zur Annahme des Angebots beginnt am Tag nach der<\/p><p class=\"p1\">Absendung des Angebots durch den Kunden zu laufen und endet mit dem Ablauf des f\u00fcnften Tages, welcher auf<\/p><p class=\"p1\">die Absendung des Angebots folgt. Nimmt der Verk\u00e4ufer das Angebot des Kunden innerhalb vorgenannter Frist<\/p><p class=\"p1\">nicht an, so gilt dies als Ablehnung des Angebots mit der Folge, dass der Kunde nicht mehr an seine<\/p><p class=\"p1\">Willenserkl\u00e4rung gebunden ist.<\/p><p class=\"p1\">2.4 Bei der Abgabe eines Angebots \u00fcber das Online-Bestellformular des Verk\u00e4ufers wird der Vertragstext nach<\/p><p class=\"p1\">dem Vertragsschluss vom Verk\u00e4ufer gespeichert und dem Kunden nach Absendung von dessen Bestellung in<\/p><p class=\"p1\">Textform (z. B. E-Mail, Fax oder Brief) \u00fcbermittelt. Eine dar\u00fcber hinausgehende Zug\u00e4nglichmachung des<\/p><p class=\"p1\">Vertragstextes durch den Verk\u00e4ufer erfolgt nicht. Sofern der Kunde vor Absendung seiner Bestellung ein<\/p><p class=\"p1\">Nutzerkonto im Online-Shop des Verk\u00e4ufers eingerichtet hat, werden die Bestelldaten auf der Website des<\/p><p class=\"p1\">Verk\u00e4ufers archiviert und k\u00f6nnen vom Kunden \u00fcber dessen passwortgesch\u00fctztes Nutzerkonto unter Angabe der<\/p><p class=\"p1\">entsprechenden Login-Daten kostenlos abgerufen werden.<\/p><p class=\"p1\">2.5 Vor verbindlicher Abgabe der Bestellung \u00fcber das Online-Bestellformular des Verk\u00e4ufers kann der Kunde<\/p><p class=\"p1\">m\u00f6gliche Eingabefehler durch aufmerksames Lesen der auf dem Bildschirm dargestellten Informationen<\/p><p class=\"p1\">erkennen. Ein wirksames technisches Mittel zur besseren Erkennung von Eingabefehlern kann dabei die<\/p><p class=\"p1\">Vergr\u00f6\u00dferungsfunktion des Browsers sein, mit deren Hilfe die Darstellung auf dem Bildschirm vergr\u00f6\u00dfert wird.<\/p><p class=\"p1\">Seine Eingaben kann der Kunde vor verbindlicher Abgabe der Bestellung im Rahmen des elektronischen<\/p><p class=\"p1\">Bestellprozesses laufend \u00fcber die \u00fcblichen Tastatur- und Mausfunktionen korrigieren. Dar\u00fcber hinaus werden alle<\/p><p class=\"p1\">Eingaben vor verbindlicher Abgabe der Bestellung noch einmal in einem Best\u00e4tigungsfenster angezeigt und<\/p><p class=\"p1\">k\u00f6nnen auch dort mittels der \u00fcblichen Tastatur- und Mausfunktionen korrigiert werden.<\/p><p class=\"p1\">2.6 F\u00fcr den Vertragsschluss steht ausschlie\u00dflich die deutsche Sprache zur Verf\u00fcgung.<\/p><p class=\"p1\">2.7 Die Bestellabwicklung und Kontaktaufnahme finden in der Regel per E-Mail und automatisierter<\/p><p class=\"p1\">Bestellabwicklung statt. Der Kunde hat sicherzustellen, dass die von ihm zur Bestellabwicklung angegebene EMail-<\/p><p class=\"p1\">Adresse zutreffend ist, so dass unter dieser Adresse die vom Verk\u00e4ufer versandten E-Mails empfangen<\/p><p class=\"p1\">werden k\u00f6nnen. Insbesondere hat der Kunde bei dem Einsatz von SPAM-Filtern sicherzustellen, dass alle vom<\/p><p class=\"p1\">Verk\u00e4ufer oder von diesem mit der Bestellabwicklung beauftragten Dritten versandten Mails zugestellt werden<\/p><p class=\"p1\">k\u00f6nnen.<\/p><p class=\"p1\"><b>3. Widerrufsrecht<\/b><\/p><p class=\"p1\">3.1 Verbrauchern steht grunds\u00e4tzlich ein Widerrufsrecht zu.<\/p><p class=\"p1\">3.2 N\u00e4here Informationen zum Widerrufsrecht ergeben sich aus der Widerrufsbelehrung des Verk\u00e4ufers.<\/p><p class=\"p1\">3.3 Das Widerrufsrecht gilt nicht f\u00fcr Verbraucher, die zum Zeitpunkt des Vertragsschlusses keinem Mitgliedstaat<\/p><p class=\"p1\">der Europ\u00e4ischen Union angeh\u00f6ren und deren alleiniger Wohnsitz und Lieferadresse zum Zeitpunkt des<\/p><p class=\"p1\">Vertragsschlusses au\u00dferhalb der Europ\u00e4ischen Union liegen.<\/p><p class=\"p1\"><b>4. Preise und Zahlungsbedingungen<\/b><\/p><p class=\"p1\">4.1 Sofern sich aus der Produktbeschreibung des Verk\u00e4ufers nichts anderes ergibt, handelt es sich bei den<\/p><p class=\"p1\">angegebenen Preisen um Gesamtpreise, die die gesetzliche Umsatzsteuer enthalten. Gegebenenfalls zus\u00e4tzlich<\/p><p class=\"p1\">anfallende Liefer- und Versandkosten werden in der jeweiligen Produktbeschreibung gesondert angegeben.<\/p><p class=\"p1\">4.2 Dem Kunden stehen verschiedene Zahlungsm\u00f6glichkeiten zur Verf\u00fcgung, die im Online-Shop des Verk\u00e4ufers<\/p><p class=\"p1\">angegeben werden.<\/p><p class=\"p1\">4.3 Ist Vorauskasse per Bank\u00fcberweisung vereinbart, ist die Zahlung sofort nach Vertragsabschluss f\u00e4llig, sofern<\/p><p class=\"p1\">die Parteien nichts anderes vereinbart haben.<\/p><p class=\"p1\">4.4 Bei Auswahl der Zahlungsart &#8222;PayPal&#8220; erfolgt die Zahlungsabwicklung \u00fcber den Zahlungsdienstleister PayPal<\/p><p class=\"p1\">(Europe) S.\u00e0 r.l. et Cie, S.C.A., 22-24 Boulevard Royal, L-2449 Luxembourg, unter Geltung der PayPal-<\/p><p class=\"p1\">Nutzungsbedingungen, einsehbar unter https:\/\/www.paypal.com\/de\/webapps\/mpp\/ua\/useragreement-full. Dies<\/p><p class=\"p1\">setzt u. a. voraus, dass der Kunde ein PayPal-Konto er\u00f6ffnet bzw. bereits \u00fcber ein solches Konto verf\u00fcgt.<\/p><p class=\"p1\"><b>5. Liefer- und Versandbedingungen<\/b><\/p><p class=\"p1\">5.1 Die Lieferung von Waren erfolgt regelm\u00e4\u00dfig auf dem Versandwege und an die vom Kunden angegebene<\/p><p class=\"p1\">Lieferanschrift. Bei der Abwicklung der Transaktion, ist die in der Kaufabwicklung des Verk\u00e4ufers angegebene<\/p><p class=\"p1\">Lieferanschrift ma\u00dfgeblich. Abweichend hiervon ist bei Auswahl der Zahlungsart PayPal die vom Kunden zum<\/p><p class=\"p1\">Zeitpunkt der Bezahlung bei PayPal hinterlegte Lieferanschrift ma\u00dfgeblich.<\/p><p class=\"p1\">5.2 Sendet das Transportunternehmen die versandte Ware an den Verk\u00e4ufer zur\u00fcck, da eine Zustellung beim<\/p><p class=\"p1\">Kunden nicht m\u00f6glich war, tr\u00e4gt der Kunde die Kosten f\u00fcr den erfolglosen Versand. Dies gilt nicht, wenn der<\/p><p class=\"p1\">Kunde den Umstand, der zur Unm\u00f6glichkeit der Zustellung gef\u00fchrt hat, nicht zu vertreten hat oder wenn er<\/p><p class=\"p1\">vor\u00fcbergehend an der Annahme der angebotenen Leistung verhindert war, es sei denn, dass der Verk\u00e4ufer ihm<\/p><p class=\"p1\">die Leistung eine angemessene Zeit vorher angek\u00fcndigt hatte. Ferner gilt dies im Hinblick auf die Kosten f\u00fcr die<\/p><p class=\"p1\">Hinsendung nicht, wenn der Kunde sein Widerrufsrecht wirksam aus\u00fcbt. F\u00fcr die R\u00fccksendekosten gilt bei<\/p><p class=\"p1\">wirksamer Aus\u00fcbung des Widerrufsrechts durch den Kunden die in der Widerrufsbelehrung des Verk\u00e4ufers hierzu<\/p><p class=\"p1\">getroffene Regelung.<\/p><p class=\"p1\">5.3 Selbstabholung ist aus logistischen Gr\u00fcnden nicht m\u00f6glich.<\/p><p class=\"p1\">5.4 Gutscheine werden dem Kunden wie folgt \u00fcberlassen:<\/p><p class=\"p1\">&#8211; per E-Mail<\/p><p class=\"p1\">&#8211; per Download<\/p><p class=\"p1\">&#8211; postalisch<\/p><p class=\"p1\"><b>6. Eigentumsvorbehalt<\/b><\/p><p class=\"p1\">Tritt der Verk\u00e4ufer in Vorleistung, beh\u00e4lt er sich bis zur vollst\u00e4ndigen Bezahlung des geschuldeten Kaufpreises<\/p><p class=\"p1\">das Eigentum an der gelieferten Ware vor.<\/p><p class=\"p1\"><b>7. M\u00e4ngelhaftung<\/b><\/p><p class=\"p1\">7.1 Ist die Kaufsache mangelhaft, gelten die Vorschriften der gesetzlichen M\u00e4ngelhaftung.<\/p><p class=\"p1\">7.2 Der Kunde wird gebeten, angelieferte Waren mit offensichtlichen Transportsch\u00e4den bei dem Zusteller zu<\/p><p class=\"p1\">reklamieren und den Verk\u00e4ufer hiervon in Kenntnis zu setzen. Kommt der Kunde dem nicht nach, hat dies<\/p><p class=\"p1\">keinerlei Auswirkungen auf seine gesetzlichen oder vertraglichen M.ngelanspr\u00fcche.<\/p><p class=\"p1\"><b>8. Einl\u00f6sung von Aktionsgutscheinen<\/b><\/p><p class=\"p1\">8.1 Gutscheine, die vom Verk\u00e4ufer im Rahmen von Werbeaktionen mit einer bestimmten G\u00fcltigkeitsdauer<\/p><p class=\"p1\">unentgeltlich ausgegeben werden und die vom Kunden nicht k\u00e4uflich erworben werden k\u00f6nnen (nachfolgend<\/p><p class=\"p1\">&#8222;Aktionsgutscheine&#8220;), k\u00f6nnen nur im Online-Shop des Verk\u00e4ufers und nur im angegebenen Zeitraum eingel\u00f6st<\/p><p class=\"p1\">werden.<\/p><p class=\"p1\">8.2 Einzelne Produkte k\u00f6nnen von der Gutscheinaktion ausgeschlossen sein, sofern sich eine entsprechende<\/p><p class=\"p1\">Einschr\u00e4nkung aus dem Inhalt des Aktionsgutscheins ergibt.<\/p><p class=\"p1\">8.3 Aktionsgutscheine k\u00f6nnen nur vor Abschluss des Bestellvorgangs eingel\u00f6st werden. Eine nachtr\u00e4gliche<\/p><p class=\"p1\">Verrechnung ist nicht m\u00f6glich.<\/p><p class=\"p1\">8.4 Pro Bestellung kann immer nur ein Aktionsgutschein eingel\u00f6st werden.<\/p><p class=\"p1\">8.5 Der Warenwert muss mindestens dem Betrag des Aktionsgutscheins entsprechen. Etwaiges Restguthaben<\/p><p class=\"p1\">wird vom Verk\u00e4ufer nicht erstattet.<\/p><p class=\"p1\">8.6 Reicht der Wert des Aktionsgutscheins zur Deckung der Bestellung nicht aus, kann zur Begleichung des<\/p><p class=\"p1\">Differenzbetrages eine der \u00fcbrigen vom Verk\u00e4ufer angebotenen Zahlungsarten gew\u00e4hlt werden<\/p><p class=\"p1\">8.7 Das Guthaben eines Aktionsgutscheins wird weder in Bargeld ausgezahlt noch verzinst.<\/p><p class=\"p1\">8.8 Der Aktionsgutschein wird nicht erstattet, wenn der Kunde die mit dem Aktionsgutschein ganz oder teilweise<\/p><p class=\"p1\">bezahlte Ware im Rahmen seines gesetzlichen Widerrufsrechts zur\u00fcckgibt.<\/p><p class=\"p1\">8.9 Der Aktionsgutschein ist \u00fcbertragbar. Der Verk\u00e4ufer kann mit befreiender Wirkung an den jeweiligen Inhaber,<\/p><p class=\"p1\">der den Aktionsgutschein im Online-Shop des Verk\u00e4ufers einl\u00f6st, leisten. Dies gilt nicht, wenn der Verk\u00e4ufer<\/p><p class=\"p1\">Kenntnis oder grob fahrl\u00e4ssige Unkenntnis von der Nichtberechtigung, der Gesch\u00e4ftsunf\u00e4higkeit oder der<\/p><p class=\"p1\">fehlenden Vertretungsberechtigung des jeweiligen Inhabers hat.<\/p><p class=\"p1\"><b>9. Anwendbares Recht<\/b><\/p><p class=\"p1\">9.1 F\u00fcr s\u00e4mtliche Rechtsbeziehungen der Parteien gilt das Recht der Bundesrepublik Deutschland unter<\/p><p class=\"p1\">Ausschluss der Gesetze \u00fcber den internationalen Kauf beweglicher Waren. Bei Verbrauchern gilt diese<\/p><p class=\"p1\">Rechtswahl nur insoweit, als nicht der gew\u00e4hrte Schutz durch zwingende Bestimmungen des Rechts des Staates,<\/p><p class=\"p1\">in dem der Verbraucher seinen gew\u00f6hnlichen Aufenthalt hat, entzogen wird.<\/p><p class=\"p1\">9.2 Ferner gilt diese Rechtswahl im Hinblick auf das gesetzliche Widerrufsrecht nicht bei Verbrauchern, die zum<\/p><p class=\"p1\">Zeitpunkt des Vertragsschlusses keinem Mitgliedstaat der Europ\u00e4ischen Union angeh\u00f6ren und deren alleiniger<\/p><p class=\"p1\">Wohnsitz und Lieferadresse zum Zeitpunkt des Vertragsschlusses au\u00dferhalb der Europ\u00e4ischen Union liegen.<\/p><p class=\"p1\"><b>10. Informationen zur Online-Streitbeilegung<\/b><\/p><p class=\"p1\">Die EU-Kommission stellt im Internet unter folgendem Link eine Plattform zur Online-Streitbeilegung bereit:<\/p><p class=\"p1\">https:\/\/ec.europa.eu\/odr<\/p><p class=\"p1\">Diese Plattform dient als Anlaufstelle zur au\u00dfergerichtlichen Beilegung von Streitigkeiten aus Online-Kauf- oder<\/p><p class=\"p1\">Dienstleistungsvertr\u00e4gen, an denen ein Verbraucher beteiligt ist.<\/p><p class=\"p1\">Wir sind zur Teilnahme an einem Streitbeilegungsverfahren vor einer Verbraucherschlichtungsstelle weder verpflichtet noch bereit.<\/p>\t\t\t\t\t\t\t\t<\/div>\n\t\t\t\t<\/div>\n\t\t\t\t\t<\/div>\n\t\t\t\t<\/div>\n\t\t\t\t<\/div>","protected":false},"excerpt":{"rendered":"<p>Allgemeine Gesch\u00e4ftsbedingungen mit Kundeninformationen 1. Geltungsbereich 2. Vertragsschluss 3. Widerrufsrecht 4. Preise und Zahlungsbedingungen 5. Liefer- und Versandbedingungen 6. Eigentumsvorbehalt 7. M\u00e4ngelhaftung 8. Einl\u00f6sung von Aktionsgutscheinen 9. Anwendbares Recht 10. Informationen zur Online-Streitbeilegung 1. Geltungsbereich 1.1 Diese Allgemeinen Gesch\u00e4ftsbedingungen (nachfolgend &#8222;AGB&#8220;) von &#8222;Lucas Teufel&#8220; (nachfolgend &#8222;Verk\u00e4ufer&#8220;), gelten f\u00fcr alle Vertr\u00e4ge, die ein Verbraucher oder Unternehmer [&hellip;]<\/p>\n","protected":false},"author":1,"featured_media":0,"parent":0,"menu_order":0,"comment_status":"closed","ping_status":"closed","template":"","meta":{"footnotes":""},"class_list":["post-1256","page","type-page","status-publish","hentry"],"blocksy_meta":[],"aioseo_notices":[],"_links":{"self":[{"href":"https:\/\/voidtattooink.com\/en\/wp-json\/wp\/v2\/pages\/1256","targetHints":{"allow":["GET"]}}],"collection":[{"href":"https:\/\/voidtattooink.com\/en\/wp-json\/wp\/v2\/pages"}],"about":[{"href":"https:\/\/voidtattooink.com\/en\/wp-json\/wp\/v2\/types\/page"}],"author":[{"embeddable":true,"href":"https:\/\/voidtattooink.com\/en\/wp-json\/wp\/v2\/users\/1"}],"replies":[{"embeddable":true,"href":"https:\/\/voidtattooink.com\/en\/wp-json\/wp\/v2\/comments?post=1256"}],"version-history":[{"count":0,"href":"https:\/\/voidtattooink.com\/en\/wp-json\/wp\/v2\/pages\/1256\/revisions"}],"wp:attachment":[{"href":"https:\/\/voidtattooink.com\/en\/wp-json\/wp\/v2\/media?parent=1256"}],"curies":[{"name":"wp","href":"https:\/\/api.w.org\/{rel}","templated":true}]}}