{"id":1258,"date":"2025-09-17T16:06:24","date_gmt":"2025-09-17T16:06:24","guid":{"rendered":"https:\/\/voidtattooink.com\/?page_id=1258"},"modified":"2025-09-22T12:34:23","modified_gmt":"2025-09-22T12:34:23","slug":"widerrufsrecht","status":"publish","type":"page","link":"https:\/\/voidtattooink.com\/en\/widerrufsrecht\/","title":{"rendered":"Right of withdrawal"},"content":{"rendered":"<div data-elementor-type=\"wp-page\" data-elementor-id=\"1258\" class=\"elementor elementor-1258\" data-elementor-post-type=\"page\">\n\t\t\t\t<div class=\"elementor-element elementor-element-7bd92a3 e-con-full e-flex e-con e-parent\" data-id=\"7bd92a3\" data-element_type=\"container\" data-e-type=\"container\" data-settings=\"{&quot;background_background&quot;:&quot;classic&quot;}\">\n\t\t\t\t<div class=\"elementor-element elementor-element-1ffd04f elementor-widget elementor-widget-spacer\" data-id=\"1ffd04f\" data-element_type=\"widget\" data-e-type=\"widget\" data-widget_type=\"spacer.default\">\n\t\t\t\t\t\t\t<div class=\"elementor-spacer\">\n\t\t\t<div class=\"elementor-spacer-inner\"><\/div>\n\t\t<\/div>\n\t\t\t\t\t\t<\/div>\n\t\t\t\t<\/div>\n\t\t<div class=\"elementor-element elementor-element-64ac684 e-flex e-con-boxed e-con e-parent\" data-id=\"64ac684\" data-element_type=\"container\" data-e-type=\"container\">\n\t\t\t\t\t<div class=\"e-con-inner\">\n\t\t\t\t<div class=\"elementor-element elementor-element-4ed5c34 elementor-widget elementor-widget-heading\" data-id=\"4ed5c34\" data-element_type=\"widget\" data-e-type=\"widget\" data-widget_type=\"heading.default\">\n\t\t\t\t\t<h2 class=\"elementor-heading-title elementor-size-default\">Right of withdrawal<\/h2>\t\t\t\t<\/div>\n\t\t\t\t<div class=\"elementor-element elementor-element-93b2bb3 elementor-widget elementor-widget-text-editor\" data-id=\"93b2bb3\" data-element_type=\"widget\" data-e-type=\"widget\" data-widget_type=\"text-editor.default\">\n\t\t\t\t\t\t\t\t\t<div class=\"container breadcrumb-container\"><div class=\"row breadcrumb-wrapper no-gutters\"><div class=\"col col-auto\"><nav id=\"breadcrumb\" aria-label=\"breadcrumb\"><ol class=\"breadcrumb\"><li class=\"breadcrumb-item last active\">Right of withdrawal<\/li><\/ol><\/nav><\/div><div class=\"col navigation-arrows\">\u00a0<\/div><\/div><\/div><div id=\"content\"><div id=\"revocation-instruction\" class=\"well well-sm\"><div class=\"container\"><p>Verbrauchern steht ein Widerrufsrecht nach folgender Ma\u00dfgabe zu, wobei Verbraucher jede nat\u00fcrliche Person ist,<\/p><p>die ein Rechtsgesch\u00e4ft zu Zwecken abschlie\u00dft, die \u00fcberwiegend weder ihrer gewerblichen noch ihrer<\/p><p>selbst\u00e4ndigen beruflichen T\u00e4tigkeit zugerechnet werden k\u00f6nnen:<\/p><p><strong>Widerrufsbelehrung<\/strong><\/p><p><strong>Right of withdrawal<\/strong><\/p><p>Sie haben das Recht, binnen 14 Tagen ohne Angabe von Gr\u00fcnden diesen Vertrag zu widerrufen.<\/p><p>Die Widerrufsfrist betr\u00e4gt 14 Tage ab dem Tag, an dem Sie oder ein von Ihnen benannter Dritter, der nicht der<\/p><p>Bef\u00f6rderer ist, die letzte Ware in Besitz genommen haben bzw. hat.<\/p><p>Um Ihr Widerrufsrecht auszu\u00fcben, m\u00fcssen Sie uns (Void Tattoo Ink vertreten durch L.Teufel, Beuerfelder Str. 6, 96486 Lautertal, Deutschland, Tel: +49 (0) 173 468 50 46, E-Mail: mail@voidtattooink.com) mittels einer eindeutigen Erkl\u00e4rung<\/p><p>(z. B. ein mit der Post versandter Brief oder E-Mail) \u00fcber Ihren Entschluss, diesen Vertrag zu widerrufen, informieren.<\/p><p>Zur Wahrung der Widerrufsfrist reicht es aus, dass Sie die Mitteilung \u00fcber die Aus\u00fcbung des Widerrufsrechts vor<\/p><p>Ablauf der Widerrufsfrist absenden.<\/p><p><strong>Folgen des Widerrufs<\/strong><\/p><p>Wenn Sie diesen Vertrag widerrufen, haben wir Ihnen alle Zahlungen, die wir von Ihnen erhalten haben,<\/p><p>einschlie\u00dflich der Lieferkosten (mit Ausnahme der zus\u00e4tzlichen Kosten, die sich daraus ergeben, dass Sie eine<\/p><p>andere Art der Lieferung als die von uns angebotene, g\u00fcnstigste Standardlieferung gew\u00e4hlt haben), unverz\u00fcglich<\/p><p>und sp\u00e4testens binnen vierzehn Tagen ab dem Tag zur\u00fcckzuzahlen, an dem die Mitteilung \u00fcber Ihren Widerruf<\/p><p>dieses Vertrags bei uns eingegangen ist. F\u00fcr diese R\u00fcckzahlung verwenden wir dasselbe Zahlungsmittel, das Sie<\/p><p>bei der urspr\u00fcnglichen Transaktion eingesetzt haben, es sei denn, mit Ihnen wurde ausdr\u00fccklich etwas anderes<\/p><p>vereinbart; in keinem Fall werden Ihnen wegen dieser R\u00fcckzahlung Entgelte berechnet. Wir k\u00f6nnen die<\/p><p>R\u00fcckzahlung verweigern, bis wir die Waren (in Originalverpackung)\u00a0wieder zur\u00fcckerhalten haben oder bis Sie den Nachweis erbracht<\/p><p>haben, dass Sie die Waren zur\u00fcckgesandt haben, je nachdem, welches der fr\u00fchere Zeitpunkt ist.<\/p><p>Sie haben die Waren unverz\u00fcglich und in jedem Fall sp\u00e4testens binnen vierzehn Tagen ab dem Tag, an dem Sie<\/p><p>uns \u00fcber den Widerruf dieses Vertrags unterrichten, an uns zur\u00fcckzusenden oder zu \u00fcbergeben. Die Frist ist<\/p><p>gewahrt, wenn Sie die Waren vor Ablauf der Frist von vierzehn Tagen absenden.<\/p><p>Wir tragen die Kosten der\u00a0R\u00fccksendung der Waren bis 30 kg, vorausgesetzt diese k\u00f6nnen aufgrund ihrer<\/p><p>Beschaffenheit normal mit der Post an uns zur\u00fcckgesendet werden k\u00f6nnen.<\/p><p>Sollten weitere Versanddienstleister (Spedition oder \u00e4hnliches) hinzugezogen werden tr\u00e4gt der Verbraucher die Kosten.\u00a0<\/p><p>Senden Sie die Ware bitte in Originalverpackung mit s\u00e4mtlichen Zubeh\u00f6r und mit allen Verpackungsbestandteilen an uns zur\u00fcck.<\/p><p>Sie m\u00fcssen f\u00fcr einen etwaigen Wertverlust der Waren nur aufkommen, wenn dieser Wertverlust auf einen zur<\/p><p>Pr\u00fcfung der Beschaffenheit, Eigenschaften und Funktionsweise der Waren nicht notwendigen Umgang mit ihnen<\/p><p>zur\u00fcckzuf\u00fchren ist.<\/p><p><strong>Ausschluss bzw. vorzeitiges Erl\u00f6schen des Widerrufsrechts:<\/strong><\/p><p>Das Widerrufsrecht besteht nicht bei Vertr\u00e4gen<\/p><p>&#8211; zur Lieferung von Zeitungen, Zeitschriften oder Illustrierten mit Ausnahme von Abonnement-Vertr\u00e4gen.<\/p><p>Das Widerrufsrecht erlischt vorzeitig bei Vertr\u00e4gen<\/p><p>&#8211; zur Lieferung versiegelter Waren, die aus Gr\u00fcnden des Gesundheitsschutzes oder der Hygiene nicht zur<\/p><p>R\u00fcckgabe geeignet sind, wenn ihre Versiegelung nach der Lieferung entfernt wurde;<\/p><p>Das Widerrufsrecht gilt nicht f\u00fcr Verbraucher, die zum Zeitpunkt des Vertragsschlusses keinem Mitgliedstaat der<\/p><p>Europ\u00e4ischen Union angeh\u00f6ren und deren alleiniger Wohnsitz und Lieferadresse zum Zeitpunkt des<\/p><p>Vertragsschlusses au\u00dferhalb der Europ\u00e4ischen Union liegen.<\/p><p><strong>Muster-Widerrufsformular<\/strong><\/p><p>(Wenn Sie den Vertrag widerrufen wollen, dann f\u00fcllen Sie bitte dieses Formular aus und senden Sie es zur\u00fcck.)<\/p><p>An:<\/p><p>Void Tattoo Ink<br \/>vertreten durch L.Teufel<br \/>Beuerfelder Str. 6<br \/>96486 Lautertal<br \/>Deutschland<\/p><p>E-Mail:\u00a0<span style=\"font-variant-ligatures: inherit; font-variant-caps: inherit;\">mail@voidtattooink.com<\/span><\/p><p>Hiermit widerrufe(n) ich\/wir(*) den von mir\/uns abgeschlossenen Vertrag \u00fcber den Kauf der folgenden Waren (*)\/\u00a0die Erbringung der folgenden Dienstleistung (*)<\/p><p>Bestellt am (*) \u00a0 \u00a0 \u00a0 \u00a0 \u00a0 \u00a0 \u00a0 \u00a0 \u00a0 \u00a0 \u00a0 \u00a0 \u00a0 \u00a0 \u00a0 \u00a0 \u00a0 \/erhalten am (*)<\/p><p>Name des\/der Verbraucher(s)<\/p><p>Anschrift des\/der Verbraucher(s)<\/p><p>Unterschrift des\/der Verbraucher(s) (nur bei Mitteilung auf Papier)<\/p><p>Datum<\/p><p><strong><em>(*) Unzutreffendes streichen<\/em><\/strong><\/p><\/div><\/div><\/div>\t\t\t\t\t\t\t\t<\/div>\n\t\t\t\t\t<\/div>\n\t\t\t\t<\/div>\n\t\t\t\t<\/div>","protected":false},"excerpt":{"rendered":"<p>Widerrufsrecht Widerrufsrecht \u00a0 Verbrauchern steht ein Widerrufsrecht nach folgender Ma\u00dfgabe zu, wobei Verbraucher jede nat\u00fcrliche Person ist, die ein Rechtsgesch\u00e4ft zu Zwecken abschlie\u00dft, die \u00fcberwiegend weder ihrer gewerblichen noch ihrer selbst\u00e4ndigen beruflichen T\u00e4tigkeit zugerechnet werden k\u00f6nnen: Widerrufsbelehrung Widerrufsrecht Sie haben das Recht, binnen 14 Tagen ohne Angabe von Gr\u00fcnden diesen Vertrag zu widerrufen. Die Widerrufsfrist [&hellip;]<\/p>\n","protected":false},"author":1,"featured_media":0,"parent":0,"menu_order":0,"comment_status":"closed","ping_status":"closed","template":"","meta":{"footnotes":""},"class_list":["post-1258","page","type-page","status-publish","hentry"],"blocksy_meta":[],"aioseo_notices":[],"_links":{"self":[{"href":"https:\/\/voidtattooink.com\/en\/wp-json\/wp\/v2\/pages\/1258","targetHints":{"allow":["GET"]}}],"collection":[{"href":"https:\/\/voidtattooink.com\/en\/wp-json\/wp\/v2\/pages"}],"about":[{"href":"https:\/\/voidtattooink.com\/en\/wp-json\/wp\/v2\/types\/page"}],"author":[{"embeddable":true,"href":"https:\/\/voidtattooink.com\/en\/wp-json\/wp\/v2\/users\/1"}],"replies":[{"embeddable":true,"href":"https:\/\/voidtattooink.com\/en\/wp-json\/wp\/v2\/comments?post=1258"}],"version-history":[{"count":0,"href":"https:\/\/voidtattooink.com\/en\/wp-json\/wp\/v2\/pages\/1258\/revisions"}],"wp:attachment":[{"href":"https:\/\/voidtattooink.com\/en\/wp-json\/wp\/v2\/media?parent=1258"}],"curies":[{"name":"wp","href":"https:\/\/api.w.org\/{rel}","templated":true}]}}