{"id":1409,"date":"2025-09-18T01:10:39","date_gmt":"2025-09-18T01:10:39","guid":{"rendered":"https:\/\/voidtattooink.com\/?page_id=1409"},"modified":"2026-04-16T16:22:19","modified_gmt":"2026-04-16T16:22:19","slug":"void-tattoo-ink","status":"publish","type":"page","link":"https:\/\/voidtattooink.com\/en\/void-tattoo-ink\/","title":{"rendered":"VOID Tattoo INK"},"content":{"rendered":"<div data-elementor-type=\"wp-page\" data-elementor-id=\"1409\" class=\"elementor elementor-1409\" data-elementor-post-type=\"page\">\n\t\t\t\t<div class=\"elementor-element elementor-element-968f9cc e-con-full e-flex e-con e-parent\" data-id=\"968f9cc\" data-element_type=\"container\" data-e-type=\"container\" data-settings=\"{&quot;background_background&quot;:&quot;classic&quot;}\">\n\t\t<div class=\"elementor-element elementor-element-301536c e-con-full e-flex e-con e-child\" data-id=\"301536c\" data-element_type=\"container\" data-e-type=\"container\">\n\t\t\t\t<\/div>\n\t\t<div class=\"elementor-element elementor-element-3f1cc33 e-con-full e-flex e-con e-child\" data-id=\"3f1cc33\" data-element_type=\"container\" data-e-type=\"container\">\n\t\t\t\t<\/div>\n\t\t\t\t<\/div>\n\t\t<div class=\"elementor-element elementor-element-7efc847 e-grid e-con-boxed e-con e-parent\" data-id=\"7efc847\" data-element_type=\"container\" data-e-type=\"container\" data-settings=\"{&quot;background_background&quot;:&quot;classic&quot;}\">\n\t\t\t\t\t<div class=\"e-con-inner\">\n\t\t<div class=\"elementor-element elementor-element-a3865ee e-con-full e-flex e-con e-child\" data-id=\"a3865ee\" data-element_type=\"container\" data-e-type=\"container\">\n\t\t\t\t<div class=\"elementor-element elementor-element-8b7a436 elementor-widget elementor-widget-image\" data-id=\"8b7a436\" data-element_type=\"widget\" data-e-type=\"widget\" data-widget_type=\"image.default\">\n\t\t\t\t\t\t\t\t\t\t\t\t\t\t\t<img fetchpriority=\"high\" decoding=\"async\" width=\"1536\" height=\"1536\" src=\"https:\/\/voidtattooink.com\/wp-content\/uploads\/2026\/04\/bottle-dreier-front-Void-1536x1536.webp\" class=\"attachment-1536x1536 size-1536x1536 wp-image-2003\" alt=\"\" srcset=\"https:\/\/voidtattooink.com\/wp-content\/uploads\/2026\/04\/bottle-dreier-front-Void-1536x1536.webp 1536w, https:\/\/voidtattooink.com\/wp-content\/uploads\/2026\/04\/bottle-dreier-front-Void-300x300.webp 300w, https:\/\/voidtattooink.com\/wp-content\/uploads\/2026\/04\/bottle-dreier-front-Void-1024x1024.webp 1024w, https:\/\/voidtattooink.com\/wp-content\/uploads\/2026\/04\/bottle-dreier-front-Void-150x150.webp 150w, https:\/\/voidtattooink.com\/wp-content\/uploads\/2026\/04\/bottle-dreier-front-Void-768x768.webp 768w, https:\/\/voidtattooink.com\/wp-content\/uploads\/2026\/04\/bottle-dreier-front-Void-2048x2048.webp 2048w, https:\/\/voidtattooink.com\/wp-content\/uploads\/2026\/04\/bottle-dreier-front-Void-12x12.webp 12w, https:\/\/voidtattooink.com\/wp-content\/uploads\/2026\/04\/bottle-dreier-front-Void-500x500.webp 500w, https:\/\/voidtattooink.com\/wp-content\/uploads\/2026\/04\/bottle-dreier-front-Void-600x600.webp 600w, https:\/\/voidtattooink.com\/wp-content\/uploads\/2026\/04\/bottle-dreier-front-Void-100x100.webp 100w\" sizes=\"(max-width: 1536px) 100vw, 1536px\" \/>\t\t\t\t\t\t\t\t\t\t\t\t\t\t\t<\/div>\n\t\t\t\t<\/div>\n\t\t<div class=\"elementor-element elementor-element-9eb00fb e-con-full e-flex e-con e-child\" data-id=\"9eb00fb\" data-element_type=\"container\" data-e-type=\"container\">\n\t\t\t\t<div class=\"elementor-element elementor-element-75c3930 elementor-widget elementor-widget-heading\" data-id=\"75c3930\" data-element_type=\"widget\" data-e-type=\"widget\" data-widget_type=\"heading.default\">\n\t\t\t\t\t<h2 class=\"elementor-heading-title elementor-size-default\">Void Tattoo Ink<\/h2>\t\t\t\t<\/div>\n\t\t\t\t<div class=\"elementor-element elementor-element-bb9621f elementor-widget elementor-widget-text-editor\" data-id=\"bb9621f\" data-element_type=\"widget\" data-e-type=\"widget\" data-widget_type=\"text-editor.default\">\n\t\t\t\t\t\t\t\t\t<p class=\"p2\">With Void Ink, we are launching a new generation of black tattoo ink - uncompromisingly deep black, safe and easy to use.<\/p>\n<p class=\"p2\">Developed for artists with artists who value quality, safety and skin compatibility.<\/p>\n<p class=\"p3\"><\/p>\t\t\t\t\t\t\t\t<\/div>\n\t\t\t\t<\/div>\n\t\t\t\t\t<\/div>\n\t\t\t\t<\/div>\n\t\t<div class=\"elementor-element elementor-element-c2f316b e-flex e-con-boxed e-con e-parent\" data-id=\"c2f316b\" data-element_type=\"container\" data-e-type=\"container\">\n\t\t\t\t\t<div class=\"e-con-inner\">\n\t\t\t\t<div class=\"elementor-element elementor-element-fe6a4e7 elementor-widget elementor-widget-spacer\" data-id=\"fe6a4e7\" data-element_type=\"widget\" data-e-type=\"widget\" data-widget_type=\"spacer.default\">\n\t\t\t\t\t\t\t<div class=\"elementor-spacer\">\n\t\t\t<div class=\"elementor-spacer-inner\"><\/div>\n\t\t<\/div>\n\t\t\t\t\t\t<\/div>\n\t\t\t\t<div class=\"elementor-element elementor-element-e2da0b9 elementor-widget-divider--view-line elementor-widget elementor-widget-divider\" data-id=\"e2da0b9\" data-element_type=\"widget\" data-e-type=\"widget\" data-widget_type=\"divider.default\">\n\t\t\t\t\t\t\t<div class=\"elementor-divider\">\n\t\t\t<span class=\"elementor-divider-separator\">\n\t\t\t\t\t\t<\/span>\n\t\t<\/div>\n\t\t\t\t\t\t<\/div>\n\t\t\t\t<div class=\"elementor-element elementor-element-46c63a6 elementor-widget elementor-widget-spacer\" data-id=\"46c63a6\" data-element_type=\"widget\" data-e-type=\"widget\" data-widget_type=\"spacer.default\">\n\t\t\t\t\t\t\t<div class=\"elementor-spacer\">\n\t\t\t<div class=\"elementor-spacer-inner\"><\/div>\n\t\t<\/div>\n\t\t\t\t\t\t<\/div>\n\t\t\t\t\t<\/div>\n\t\t\t\t<\/div>\n\t\t<div class=\"elementor-element elementor-element-80bcfe2 e-con-full e-flex e-con e-parent\" data-id=\"80bcfe2\" data-element_type=\"container\" data-e-type=\"container\">\n\t\t<div class=\"elementor-element elementor-element-c3f55cf e-con-full e-flex e-con e-child\" data-id=\"c3f55cf\" data-element_type=\"container\" data-e-type=\"container\">\n\t\t\t\t<div class=\"elementor-element elementor-element-ac9a841 elementor-widget elementor-widget-image\" data-id=\"ac9a841\" data-element_type=\"widget\" data-e-type=\"widget\" data-widget_type=\"image.default\">\n\t\t\t\t\t\t\t\t\t\t\t\t\t\t\t<img decoding=\"async\" width=\"1024\" height=\"1024\" src=\"https:\/\/voidtattooink.com\/wp-content\/uploads\/2026\/04\/void-designed-to-stay-produktseite-1024x1024.webp\" class=\"attachment-large size-large wp-image-1994\" alt=\"\" srcset=\"https:\/\/voidtattooink.com\/wp-content\/uploads\/2026\/04\/void-designed-to-stay-produktseite-1024x1024.webp 1024w, https:\/\/voidtattooink.com\/wp-content\/uploads\/2026\/04\/void-designed-to-stay-produktseite-300x300.webp 300w, https:\/\/voidtattooink.com\/wp-content\/uploads\/2026\/04\/void-designed-to-stay-produktseite-150x150.webp 150w, https:\/\/voidtattooink.com\/wp-content\/uploads\/2026\/04\/void-designed-to-stay-produktseite-768x768.webp 768w, https:\/\/voidtattooink.com\/wp-content\/uploads\/2026\/04\/void-designed-to-stay-produktseite-12x12.webp 12w, https:\/\/voidtattooink.com\/wp-content\/uploads\/2026\/04\/void-designed-to-stay-produktseite-500x500.webp 500w, https:\/\/voidtattooink.com\/wp-content\/uploads\/2026\/04\/void-designed-to-stay-produktseite-600x600.webp 600w, https:\/\/voidtattooink.com\/wp-content\/uploads\/2026\/04\/void-designed-to-stay-produktseite-100x100.webp 100w, https:\/\/voidtattooink.com\/wp-content\/uploads\/2026\/04\/void-designed-to-stay-produktseite.webp 1200w\" sizes=\"(max-width: 1024px) 100vw, 1024px\" \/>\t\t\t\t\t\t\t\t\t\t\t\t\t\t\t<\/div>\n\t\t\t\t<\/div>\n\t\t<div class=\"elementor-element elementor-element-5488802 e-con-full e-flex e-con e-child\" data-id=\"5488802\" data-element_type=\"container\" data-e-type=\"container\">\n\t\t<div class=\"elementor-element elementor-element-a413866 e-con-full e-flex elementor-invisible e-con e-child\" data-id=\"a413866\" data-element_type=\"container\" data-e-type=\"container\" data-settings=\"{&quot;animation&quot;:&quot;fadeInLeft&quot;}\">\n\t\t\t\t<div class=\"elementor-element elementor-element-d97d07a elementor-widget elementor-widget-text-editor\" data-id=\"d97d07a\" data-element_type=\"widget\" data-e-type=\"widget\" data-widget_type=\"text-editor.default\">\n\t\t\t\t\t\t\t\t\t<p>Void Tattoo Ink is a professional, clean black tattoo ink - designed for easy application and consistent results.<\/p><p class=\"p3\">The ink is optimized for every area of application, whether line work, dot work, large black areas or for mixing your own shadow tones. Void Ink can be easily and homogeneously diluted with distilled water or a shading solution to mix sumi tones.<\/p><ul><li class=\"p3\">Whether line work or large-area blackening - Void delivers rich <strong>intense black levels<\/strong>, which remain stable and uniform after healing.<\/li><\/ul><hr \/><ul><li class=\"p3\">Free from heavy metals, PAHs and nitrosamines, <strong>REACH-compliant<\/strong> and sterile, it offers razor-sharp lines, soft shadows and rich surfaces.<\/li><\/ul><hr \/><ul><li class=\"p3\">Void Ink was developed by an external independent <strong>Laboratory tested<\/strong> and evaluated. The results can be downloaded here.<\/li><\/ul><p class=\"p3\"><strong>Inhaltsstoffe: Aqua, CI 77266, Propylene glycol, PVP, Polyoxyl-40-hydrogenated castor oil, 1,2-Hexanediol, Simethicone, Sodium bisulphite<\/strong><\/p><p class=\"p3\"><strong>Available in 200ml<\/strong><\/p><p>\u00a0<\/p>\t\t\t\t\t\t\t\t<\/div>\n\t\t\t\t<div class=\"elementor-element elementor-element-8944def elementor-align-right elementor-widget elementor-widget-button\" data-id=\"8944def\" data-element_type=\"widget\" data-e-type=\"widget\" data-widget_type=\"button.default\">\n\t\t\t\t\t\t\t\t\t\t<a class=\"elementor-button elementor-button-link elementor-size-sm elementor-animation-push\" href=\"https:\/\/voidtattooink.com\/en\/shop-1-p\/\">\n\t\t\t\t\t\t<span class=\"elementor-button-content-wrapper\">\n\t\t\t\t\t\t\t\t\t<span class=\"elementor-button-text\">Store here<\/span>\n\t\t\t\t\t<\/span>\n\t\t\t\t\t<\/a>\n\t\t\t\t\t\t\t\t<\/div>\n\t\t\t\t<\/div>\n\t\t\t\t<\/div>\n\t\t\t\t<\/div>\n\t\t\t\t<\/div>","protected":false},"excerpt":{"rendered":"<p>Void Tattoo Ink Mit Void Ink bringen wir eine neue Generation schwarzer T\u00e4towierfarbe auf den Markt \u2013 kompromisslos tiefschwarz, sicher und einfach in der Anwendung. Entwickelt f\u00fcr Artists mit Artists, die Wert auf Qualit\u00e4t, Sicherheit und Hautvertr\u00e4glichkeit legen. Void Tattoo Ink ist eine professionelle, saubere Schwarz-Tattoofarbe &#8211; entwickelt f\u00fcr eine einfache Anwendung und gleichbleibende Ergebnisse. [&hellip;]<\/p>\n","protected":false},"author":1,"featured_media":0,"parent":0,"menu_order":0,"comment_status":"closed","ping_status":"closed","template":"","meta":{"footnotes":""},"class_list":["post-1409","page","type-page","status-publish","hentry"],"blocksy_meta":[],"aioseo_notices":[],"_links":{"self":[{"href":"https:\/\/voidtattooink.com\/en\/wp-json\/wp\/v2\/pages\/1409","targetHints":{"allow":["GET"]}}],"collection":[{"href":"https:\/\/voidtattooink.com\/en\/wp-json\/wp\/v2\/pages"}],"about":[{"href":"https:\/\/voidtattooink.com\/en\/wp-json\/wp\/v2\/types\/page"}],"author":[{"embeddable":true,"href":"https:\/\/voidtattooink.com\/en\/wp-json\/wp\/v2\/users\/1"}],"replies":[{"embeddable":true,"href":"https:\/\/voidtattooink.com\/en\/wp-json\/wp\/v2\/comments?post=1409"}],"version-history":[{"count":9,"href":"https:\/\/voidtattooink.com\/en\/wp-json\/wp\/v2\/pages\/1409\/revisions"}],"predecessor-version":[{"id":2014,"href":"https:\/\/voidtattooink.com\/en\/wp-json\/wp\/v2\/pages\/1409\/revisions\/2014"}],"wp:attachment":[{"href":"https:\/\/voidtattooink.com\/en\/wp-json\/wp\/v2\/media?parent=1409"}],"curies":[{"name":"wp","href":"https:\/\/api.w.org\/{rel}","templated":true}]}}