{"id":1899,"date":"2025-10-13T11:56:14","date_gmt":"2025-10-13T11:56:14","guid":{"rendered":"https:\/\/voidtattooink.com\/?page_id=1899"},"modified":"2025-10-25T17:40:00","modified_gmt":"2025-10-25T17:40:00","slug":"barrierefreiheit","status":"publish","type":"page","link":"https:\/\/voidtattooink.com\/en\/barrierefreiheit\/","title":{"rendered":"Accessibility"},"content":{"rendered":"<div data-elementor-type=\"wp-page\" data-elementor-id=\"1899\" class=\"elementor elementor-1899\" data-elementor-post-type=\"page\">\n\t\t\t\t<div class=\"elementor-element elementor-element-a227763 e-flex e-con-boxed e-con e-parent\" data-id=\"a227763\" data-element_type=\"container\" data-e-type=\"container\">\n\t\t\t\t\t<div class=\"e-con-inner\">\n\t\t\t\t<div class=\"elementor-element elementor-element-013023c elementor-widget elementor-widget-spacer\" data-id=\"013023c\" data-element_type=\"widget\" data-e-type=\"widget\" data-widget_type=\"spacer.default\">\n\t\t\t\t\t\t\t<div class=\"elementor-spacer\">\n\t\t\t<div class=\"elementor-spacer-inner\"><\/div>\n\t\t<\/div>\n\t\t\t\t\t\t<\/div>\n\t\t\t\t\t<\/div>\n\t\t\t\t<\/div>\n\t\t<div class=\"elementor-element elementor-element-de73d6c e-con-full e-flex e-con e-parent\" data-id=\"de73d6c\" data-element_type=\"container\" data-e-type=\"container\">\n\t\t<div class=\"elementor-element elementor-element-7f7db51 e-flex e-con-boxed e-con e-child\" data-id=\"7f7db51\" data-element_type=\"container\" data-e-type=\"container\">\n\t\t\t\t\t<div class=\"e-con-inner\">\n\t\t\t\t<div class=\"elementor-element elementor-element-5838220 elementor-widget elementor-widget-heading\" data-id=\"5838220\" data-element_type=\"widget\" data-e-type=\"widget\" data-widget_type=\"heading.default\">\n\t\t\t\t\t<h2 class=\"elementor-heading-title elementor-size-default\">Erkl\u00e4rung zur Barrierefreiheit<\/h2>\t\t\t\t<\/div>\n\t\t\t\t<div class=\"elementor-element elementor-element-efa5173 elementor-widget elementor-widget-text-editor\" data-id=\"efa5173\" data-element_type=\"widget\" data-e-type=\"widget\" data-widget_type=\"text-editor.default\">\n\t\t\t\t\t\t\t\t\t<p>Unsere Online-Shop-Seite von voidtattooink.com\u00a0soll f\u00fcr alle Menschen nutzbar sein. Wir orientieren uns an den Richtlinien der <strong data-start=\"2527\" data-end=\"2548\">WCAG 2.1 Level AA<\/strong> und erf\u00fcllen gesetzliche Vorgaben wie das Barrierefreiheitsst\u00e4rkungsgesetz (BFSG)<\/p>\t\t\t\t\t\t\t\t<\/div>\n\t\t\t\t<div class=\"elementor-element elementor-element-7b4e53a elementor-widget elementor-widget-spacer\" data-id=\"7b4e53a\" data-element_type=\"widget\" data-e-type=\"widget\" data-widget_type=\"spacer.default\">\n\t\t\t\t\t\t\t<div class=\"elementor-spacer\">\n\t\t\t<div class=\"elementor-spacer-inner\"><\/div>\n\t\t<\/div>\n\t\t\t\t\t\t<\/div>\n\t\t\t\t<div class=\"elementor-element elementor-element-1f7f511 elementor-widget elementor-widget-heading\" data-id=\"1f7f511\" data-element_type=\"widget\" data-e-type=\"widget\" data-widget_type=\"heading.default\">\n\t\t\t\t\t<h2 class=\"elementor-heading-title elementor-size-default\">Kontakt &amp; Feedback:\n<\/h2>\t\t\t\t<\/div>\n\t\t\t\t<div class=\"elementor-element elementor-element-900ba5b elementor-widget elementor-widget-text-editor\" data-id=\"900ba5b\" data-element_type=\"widget\" data-e-type=\"widget\" data-widget_type=\"text-editor.default\">\n\t\t\t\t\t\t\t\t\tWenn Sie auf Barrieren sto\u00dfen oder Inhalte schwer nutzbar sind, melden Sie das bitte per E-Mail an:<a class=\"decorated-link cursor-pointer\" rel=\"noopener\" data-start=\"2902\" data-end=\"2926\"> mail@voidtattooink.com<\/a> oder telefonisch unter: +49 (0) 173 468 50 46 Wir best\u00e4tigen Ihre Nachricht innerhalb von 7 Tagen.\t\t\t\t\t\t\t\t<\/div>\n\t\t\t\t<div class=\"elementor-element elementor-element-4762064 elementor-widget elementor-widget-heading\" data-id=\"4762064\" data-element_type=\"widget\" data-e-type=\"widget\" data-widget_type=\"heading.default\">\n\t\t\t\t\t<h2 class=\"elementor-heading-title elementor-size-default\">Ma\u00dfnahmenplan<\/h2>\t\t\t\t<\/div>\n\t\t\t\t<div class=\"elementor-element elementor-element-5bf9ed0 elementor-widget elementor-widget-text-editor\" data-id=\"5bf9ed0\" data-element_type=\"widget\" data-e-type=\"widget\" data-widget_type=\"text-editor.default\">\n\t\t\t\t\t\t\t\t\t<ul data-start=\"3276\" data-end=\"3532\"><li data-start=\"3338\" data-end=\"3444\"><p data-start=\"3340\" data-end=\"3444\">Bis <strong data-start=\"3344\" data-end=\"3358\">24.12.2026<\/strong>: Zahlungs- und Bestellformulare mit Fehlermeldung + Tastatur-Navigation verbessern.<\/p><\/li><li data-start=\"3445\" data-end=\"3532\"><p data-start=\"3447\" data-end=\"3532\">Fortlaufend: Farbkontraste pr\u00fcfen &amp; optimieren, neue Produkte barrierefrei gestalten.<\/p><\/li><\/ul><p><strong data-start=\"3539\" data-end=\"3564\">Technische Standards:<\/strong><br data-start=\"3564\" data-end=\"3567\" \/>Diese Seite wurde gepr\u00fcft und erstellt nach <strong data-start=\"3611\" data-end=\"3628\">WCAG 2.1 (AA)<\/strong>, HTML5, CSS3. Formulare haben Labels, Buttons sind klar beschriftet, Navigation ist per Tastatur m\u00f6glich.<\/p>\t\t\t\t\t\t\t\t<\/div>\n\t\t\t\t<div class=\"elementor-element elementor-element-a5d3358 elementor-widget elementor-widget-text-editor\" data-id=\"a5d3358\" data-element_type=\"widget\" data-e-type=\"widget\" data-widget_type=\"text-editor.default\">\n\t\t\t\t\t\t\t\t\t<p>Letzte Pr\u00fcfung: <strong data-start=\"2675\" data-end=\"2689\">13.10.2025<\/strong><br data-start=\"2689\" data-end=\"2692\" \/>Status: <em data-start=\"2700\" data-end=\"2724\">teilweise barrierefrei<\/em> &#8211; einige Verbesserungen externer Pdf&#8217;s sind noch in Arbeit.<\/p>\t\t\t\t\t\t\t\t<\/div>\n\t\t\t\t\t<\/div>\n\t\t\t\t<\/div>\n\t\t\t\t<\/div>\n\t\t\t\t<\/div>","protected":false},"excerpt":{"rendered":"<p>Erkl\u00e4rung zur Barrierefreiheit Unsere Online-Shop-Seite von voidtattooink.com\u00a0soll f\u00fcr alle Menschen nutzbar sein. Wir orientieren uns an den Richtlinien der WCAG 2.1 Level AA und erf\u00fcllen gesetzliche Vorgaben wie das Barrierefreiheitsst\u00e4rkungsgesetz (BFSG) Kontakt &amp; Feedback: Wenn Sie auf Barrieren sto\u00dfen oder Inhalte schwer nutzbar sind, melden Sie das bitte per E-Mail an: mail@voidtattooink.com oder telefonisch unter: [&hellip;]<\/p>\n","protected":false},"author":1,"featured_media":0,"parent":0,"menu_order":0,"comment_status":"closed","ping_status":"closed","template":"","meta":{"footnotes":""},"class_list":["post-1899","page","type-page","status-publish","hentry"],"blocksy_meta":[],"aioseo_notices":[],"_links":{"self":[{"href":"https:\/\/voidtattooink.com\/en\/wp-json\/wp\/v2\/pages\/1899","targetHints":{"allow":["GET"]}}],"collection":[{"href":"https:\/\/voidtattooink.com\/en\/wp-json\/wp\/v2\/pages"}],"about":[{"href":"https:\/\/voidtattooink.com\/en\/wp-json\/wp\/v2\/types\/page"}],"author":[{"embeddable":true,"href":"https:\/\/voidtattooink.com\/en\/wp-json\/wp\/v2\/users\/1"}],"replies":[{"embeddable":true,"href":"https:\/\/voidtattooink.com\/en\/wp-json\/wp\/v2\/comments?post=1899"}],"version-history":[{"count":9,"href":"https:\/\/voidtattooink.com\/en\/wp-json\/wp\/v2\/pages\/1899\/revisions"}],"predecessor-version":[{"id":1942,"href":"https:\/\/voidtattooink.com\/en\/wp-json\/wp\/v2\/pages\/1899\/revisions\/1942"}],"wp:attachment":[{"href":"https:\/\/voidtattooink.com\/en\/wp-json\/wp\/v2\/media?parent=1899"}],"curies":[{"name":"wp","href":"https:\/\/api.w.org\/{rel}","templated":true}]}}